{"id":343,"date":"2022-04-05T18:50:07","date_gmt":"2022-04-05T22:50:07","guid":{"rendered":"http:\/\/tsmo.ca\/accueil\/"},"modified":"2023-08-10T08:45:13","modified_gmt":"2023-08-10T12:45:13","slug":"accueil","status":"publish","type":"page","link":"https:\/\/tsmo.ca\/en\/","title":{"rendered":"Home"},"content":{"rendered":"","protected":false},"excerpt":{"rendered":"","protected":false},"author":1,"featured_media":0,"parent":0,"menu_order":-2,"comment_status":"closed","ping_status":"closed","template":"","meta":{"_acf_changed":false,"footnotes":""},"class_list":["post-343","page","type-page","status-publish","hentry","entry"],"acf":[],"yoast_head":"<!-- This site is optimized with the Yoast SEO plugin v24.2 - https:\/\/yoast.com\/wordpress\/plugins\/seo\/ -->\n<title>Medical Transportation in Gatineau &amp; Ottawa - TSMO<\/title>\n<meta name=\"description\" content=\"TSMO is a medical transportation and non-urgent medical transportation company helping people with mobility challenges in Outaouais and national capital region.\" \/>\n<meta name=\"robots\" content=\"index, follow, max-snippet:-1, max-image-preview:large, max-video-preview:-1\" \/>\n<link rel=\"canonical\" href=\"https:\/\/tsmo.ca\/en\/accueil\/\" \/>\n<meta property=\"og:locale\" content=\"en_US\" \/>\n<meta property=\"og:type\" content=\"article\" \/>\n<meta property=\"og:title\" content=\"Medical Transportation in Gatineau &amp; Ottawa - TSMO\" \/>\n<meta property=\"og:description\" content=\"TSMO is a medical transportation and non-urgent medical transportation company helping people with mobility challenges in Outaouais and national capital region.\" \/>\n<meta property=\"og:url\" content=\"https:\/\/tsmo.ca\/en\/accueil\/\" \/>\n<meta property=\"og:site_name\" content=\"TSMO\" \/>\n<meta property=\"article:modified_time\" content=\"2023-08-10T12:45:13+00:00\" \/>\n<meta name=\"twitter:card\" content=\"summary_large_image\" \/>\n<script type=\"application\/ld+json\" class=\"yoast-schema-graph\">{\"@context\":\"https:\/\/schema.org\",\"@graph\":[{\"@type\":\"WebPage\",\"@id\":\"https:\/\/tsmo.ca\/en\/accueil\/\",\"url\":\"https:\/\/tsmo.ca\/en\/accueil\/\",\"name\":\"Medical Transportation in Gatineau & Ottawa - TSMO\",\"isPartOf\":{\"@id\":\"https:\/\/tsmo.ca\/#website\"},\"datePublished\":\"2022-04-05T22:50:07+00:00\",\"dateModified\":\"2023-08-10T12:45:13+00:00\",\"description\":\"TSMO is a medical transportation and non-urgent medical transportation company helping people with mobility challenges in Outaouais and national capital region.\",\"inLanguage\":\"en-US\",\"potentialAction\":[{\"@type\":\"ReadAction\",\"target\":[\"https:\/\/tsmo.ca\/en\/accueil\/\"]}]},{\"@type\":\"WebSite\",\"@id\":\"https:\/\/tsmo.ca\/#website\",\"url\":\"https:\/\/tsmo.ca\/\",\"name\":\"TSMO\",\"description\":\"Transport sp\u00e9cialis\u00e9 m\u00e9dical de l\u2019Outaouais. Nous effectuons des d\u00e9placements partout en Outaouais, incluant Ottawa et Gatineau. Transport Adapt\u00e9 \u00e0 Gatineau.\",\"potentialAction\":[{\"@type\":\"SearchAction\",\"target\":{\"@type\":\"EntryPoint\",\"urlTemplate\":\"https:\/\/tsmo.ca\/?s={search_term_string}\"},\"query-input\":{\"@type\":\"PropertyValueSpecification\",\"valueRequired\":true,\"valueName\":\"search_term_string\"}}],\"inLanguage\":\"en-US\"}]}<\/script>\n<!-- \/ Yoast SEO plugin. -->","yoast_head_json":{"title":"Medical Transportation in Gatineau & Ottawa - TSMO","description":"TSMO is a medical transportation and non-urgent medical transportation company helping people with mobility challenges in Outaouais and national capital region.","robots":{"index":"index","follow":"follow","max-snippet":"max-snippet:-1","max-image-preview":"max-image-preview:large","max-video-preview":"max-video-preview:-1"},"canonical":"https:\/\/tsmo.ca\/en\/accueil\/","og_locale":"en_US","og_type":"article","og_title":"Medical Transportation in Gatineau & Ottawa - TSMO","og_description":"TSMO is a medical transportation and non-urgent medical transportation company helping people with mobility challenges in Outaouais and national capital region.","og_url":"https:\/\/tsmo.ca\/en\/accueil\/","og_site_name":"TSMO","article_modified_time":"2023-08-10T12:45:13+00:00","twitter_card":"summary_large_image","schema":{"@context":"https:\/\/schema.org","@graph":[{"@type":"WebPage","@id":"https:\/\/tsmo.ca\/en\/accueil\/","url":"https:\/\/tsmo.ca\/en\/accueil\/","name":"Medical Transportation in Gatineau & Ottawa - TSMO","isPartOf":{"@id":"https:\/\/tsmo.ca\/#website"},"datePublished":"2022-04-05T22:50:07+00:00","dateModified":"2023-08-10T12:45:13+00:00","description":"TSMO is a medical transportation and non-urgent medical transportation company helping people with mobility challenges in Outaouais and national capital region.","inLanguage":"en-US","potentialAction":[{"@type":"ReadAction","target":["https:\/\/tsmo.ca\/en\/accueil\/"]}]},{"@type":"WebSite","@id":"https:\/\/tsmo.ca\/#website","url":"https:\/\/tsmo.ca\/","name":"TSMO","description":"Transport sp\u00e9cialis\u00e9 m\u00e9dical de l\u2019Outaouais. Nous effectuons des d\u00e9placements partout en Outaouais, incluant Ottawa et Gatineau. Transport Adapt\u00e9 \u00e0 Gatineau.","potentialAction":[{"@type":"SearchAction","target":{"@type":"EntryPoint","urlTemplate":"https:\/\/tsmo.ca\/?s={search_term_string}"},"query-input":{"@type":"PropertyValueSpecification","valueRequired":true,"valueName":"search_term_string"}}],"inLanguage":"en-US"}]}},"_links":{"self":[{"href":"https:\/\/tsmo.ca\/en\/wp-json\/wp\/v2\/pages\/343","targetHints":{"allow":["GET"]}}],"collection":[{"href":"https:\/\/tsmo.ca\/en\/wp-json\/wp\/v2\/pages"}],"about":[{"href":"https:\/\/tsmo.ca\/en\/wp-json\/wp\/v2\/types\/page"}],"author":[{"embeddable":true,"href":"https:\/\/tsmo.ca\/en\/wp-json\/wp\/v2\/users\/1"}],"replies":[{"embeddable":true,"href":"https:\/\/tsmo.ca\/en\/wp-json\/wp\/v2\/comments?post=343"}],"version-history":[{"count":10,"href":"https:\/\/tsmo.ca\/en\/wp-json\/wp\/v2\/pages\/343\/revisions"}],"predecessor-version":[{"id":662,"href":"https:\/\/tsmo.ca\/en\/wp-json\/wp\/v2\/pages\/343\/revisions\/662"}],"wp:attachment":[{"href":"https:\/\/tsmo.ca\/en\/wp-json\/wp\/v2\/media?parent=343"}],"curies":[{"name":"wp","href":"https:\/\/api.w.org\/{rel}","templated":true}]}}