{"id":349,"date":"2022-04-05T14:54:29","date_gmt":"2022-04-05T18:54:29","guid":{"rendered":"http:\/\/tsmo.ca\/nous-joindre\/"},"modified":"2024-07-18T13:42:12","modified_gmt":"2024-07-18T17:42:12","slug":"contact-us","status":"publish","type":"page","link":"https:\/\/tsmo.ca\/en\/contact-us\/","title":{"rendered":"Contact Us"},"content":{"rendered":"","protected":false},"excerpt":{"rendered":"","protected":false},"author":1,"featured_media":0,"parent":0,"menu_order":0,"comment_status":"closed","ping_status":"closed","template":"","meta":{"_acf_changed":false,"footnotes":""},"class_list":["post-349","page","type-page","status-publish","hentry","entry"],"acf":[],"yoast_head":"<!-- This site is optimized with the Yoast SEO plugin v24.2 - https:\/\/yoast.com\/wordpress\/plugins\/seo\/ -->\n<title>Contact TSMO | Get in Touch<\/title>\n<meta name=\"description\" content=\"Contact TSMO for inquiries or more information about our transportation services. We&#039;re here to assist you.\" \/>\n<meta name=\"robots\" content=\"index, follow, max-snippet:-1, max-image-preview:large, max-video-preview:-1\" \/>\n<link rel=\"canonical\" href=\"https:\/\/tsmo.ca\/en\/contact-us\/\" \/>\n<meta property=\"og:locale\" content=\"en_US\" \/>\n<meta property=\"og:type\" content=\"article\" \/>\n<meta property=\"og:title\" content=\"Contact TSMO | Get in Touch\" \/>\n<meta property=\"og:description\" content=\"Contact TSMO for inquiries or more information about our transportation services. We&#039;re here to assist you.\" \/>\n<meta property=\"og:url\" content=\"https:\/\/tsmo.ca\/en\/contact-us\/\" \/>\n<meta property=\"og:site_name\" content=\"TSMO\" \/>\n<meta property=\"article:modified_time\" content=\"2024-07-18T17:42:12+00:00\" \/>\n<meta name=\"twitter:card\" content=\"summary_large_image\" \/>\n<script type=\"application\/ld+json\" class=\"yoast-schema-graph\">{\"@context\":\"https:\/\/schema.org\",\"@graph\":[{\"@type\":\"WebPage\",\"@id\":\"https:\/\/tsmo.ca\/en\/contact-us\/\",\"url\":\"https:\/\/tsmo.ca\/en\/contact-us\/\",\"name\":\"Contact TSMO | Get in Touch\",\"isPartOf\":{\"@id\":\"https:\/\/tsmo.ca\/#website\"},\"datePublished\":\"2022-04-05T18:54:29+00:00\",\"dateModified\":\"2024-07-18T17:42:12+00:00\",\"description\":\"Contact TSMO for inquiries or more information about our transportation services. We're here to assist you.\",\"inLanguage\":\"en-US\",\"potentialAction\":[{\"@type\":\"ReadAction\",\"target\":[\"https:\/\/tsmo.ca\/en\/contact-us\/\"]}]},{\"@type\":\"WebSite\",\"@id\":\"https:\/\/tsmo.ca\/#website\",\"url\":\"https:\/\/tsmo.ca\/\",\"name\":\"TSMO\",\"description\":\"Transport sp\u00e9cialis\u00e9 m\u00e9dical de l\u2019Outaouais. Nous effectuons des d\u00e9placements partout en Outaouais, incluant Ottawa et Gatineau. Transport Adapt\u00e9 \u00e0 Gatineau.\",\"potentialAction\":[{\"@type\":\"SearchAction\",\"target\":{\"@type\":\"EntryPoint\",\"urlTemplate\":\"https:\/\/tsmo.ca\/?s={search_term_string}\"},\"query-input\":{\"@type\":\"PropertyValueSpecification\",\"valueRequired\":true,\"valueName\":\"search_term_string\"}}],\"inLanguage\":\"en-US\"}]}<\/script>\n<!-- \/ Yoast SEO plugin. -->","yoast_head_json":{"title":"Contact TSMO | Get in Touch","description":"Contact TSMO for inquiries or more information about our transportation services. We're here to assist you.","robots":{"index":"index","follow":"follow","max-snippet":"max-snippet:-1","max-image-preview":"max-image-preview:large","max-video-preview":"max-video-preview:-1"},"canonical":"https:\/\/tsmo.ca\/en\/contact-us\/","og_locale":"en_US","og_type":"article","og_title":"Contact TSMO | Get in Touch","og_description":"Contact TSMO for inquiries or more information about our transportation services. We're here to assist you.","og_url":"https:\/\/tsmo.ca\/en\/contact-us\/","og_site_name":"TSMO","article_modified_time":"2024-07-18T17:42:12+00:00","twitter_card":"summary_large_image","schema":{"@context":"https:\/\/schema.org","@graph":[{"@type":"WebPage","@id":"https:\/\/tsmo.ca\/en\/contact-us\/","url":"https:\/\/tsmo.ca\/en\/contact-us\/","name":"Contact TSMO | Get in Touch","isPartOf":{"@id":"https:\/\/tsmo.ca\/#website"},"datePublished":"2022-04-05T18:54:29+00:00","dateModified":"2024-07-18T17:42:12+00:00","description":"Contact TSMO for inquiries or more information about our transportation services. We're here to assist you.","inLanguage":"en-US","potentialAction":[{"@type":"ReadAction","target":["https:\/\/tsmo.ca\/en\/contact-us\/"]}]},{"@type":"WebSite","@id":"https:\/\/tsmo.ca\/#website","url":"https:\/\/tsmo.ca\/","name":"TSMO","description":"Transport sp\u00e9cialis\u00e9 m\u00e9dical de l\u2019Outaouais. Nous effectuons des d\u00e9placements partout en Outaouais, incluant Ottawa et Gatineau. Transport Adapt\u00e9 \u00e0 Gatineau.","potentialAction":[{"@type":"SearchAction","target":{"@type":"EntryPoint","urlTemplate":"https:\/\/tsmo.ca\/?s={search_term_string}"},"query-input":{"@type":"PropertyValueSpecification","valueRequired":true,"valueName":"search_term_string"}}],"inLanguage":"en-US"}]}},"_links":{"self":[{"href":"https:\/\/tsmo.ca\/en\/wp-json\/wp\/v2\/pages\/349","targetHints":{"allow":["GET"]}}],"collection":[{"href":"https:\/\/tsmo.ca\/en\/wp-json\/wp\/v2\/pages"}],"about":[{"href":"https:\/\/tsmo.ca\/en\/wp-json\/wp\/v2\/types\/page"}],"author":[{"embeddable":true,"href":"https:\/\/tsmo.ca\/en\/wp-json\/wp\/v2\/users\/1"}],"replies":[{"embeddable":true,"href":"https:\/\/tsmo.ca\/en\/wp-json\/wp\/v2\/comments?post=349"}],"version-history":[{"count":6,"href":"https:\/\/tsmo.ca\/en\/wp-json\/wp\/v2\/pages\/349\/revisions"}],"predecessor-version":[{"id":555,"href":"https:\/\/tsmo.ca\/en\/wp-json\/wp\/v2\/pages\/349\/revisions\/555"}],"wp:attachment":[{"href":"https:\/\/tsmo.ca\/en\/wp-json\/wp\/v2\/media?parent=349"}],"curies":[{"name":"wp","href":"https:\/\/api.w.org\/{rel}","templated":true}]}}