{"id":351,"date":"2022-04-05T14:54:07","date_gmt":"2022-04-05T18:54:07","guid":{"rendered":"http:\/\/tsmo.ca\/qui-nous-sommes\/"},"modified":"2022-05-03T10:47:44","modified_gmt":"2022-05-03T14:47:44","slug":"about-us","status":"publish","type":"page","link":"https:\/\/tsmo.ca\/en\/about-us\/","title":{"rendered":"About Us"},"content":{"rendered":"","protected":false},"excerpt":{"rendered":"","protected":false},"author":1,"featured_media":0,"parent":0,"menu_order":0,"comment_status":"closed","ping_status":"closed","template":"","meta":{"_acf_changed":false,"footnotes":""},"class_list":["post-351","page","type-page","status-publish","hentry","entry"],"acf":[],"yoast_head":"<!-- This site is optimized with the Yoast SEO plugin v24.2 - https:\/\/yoast.com\/wordpress\/plugins\/seo\/ -->\n<title>About TSMO - Medical Transportation Company in Ottawa|Gatineau<\/title>\n<meta name=\"description\" content=\"TSMO offers quality medical transport tailored to its clients specific needs since 1996 in the Outaouais and National capital region.\" \/>\n<meta name=\"robots\" content=\"index, follow, max-snippet:-1, max-image-preview:large, max-video-preview:-1\" \/>\n<link rel=\"canonical\" href=\"https:\/\/tsmo.ca\/en\/about-us\/\" \/>\n<meta property=\"og:locale\" content=\"en_US\" \/>\n<meta property=\"og:type\" content=\"article\" \/>\n<meta property=\"og:title\" content=\"About TSMO - Medical Transportation Company in Ottawa|Gatineau\" \/>\n<meta property=\"og:description\" content=\"TSMO offers quality medical transport tailored to its clients specific needs since 1996 in the Outaouais and National capital region.\" \/>\n<meta property=\"og:url\" content=\"https:\/\/tsmo.ca\/en\/about-us\/\" \/>\n<meta property=\"og:site_name\" content=\"TSMO\" \/>\n<meta property=\"article:modified_time\" content=\"2022-05-03T14:47:44+00:00\" \/>\n<meta name=\"twitter:card\" content=\"summary_large_image\" \/>\n<script type=\"application\/ld+json\" class=\"yoast-schema-graph\">{\"@context\":\"https:\/\/schema.org\",\"@graph\":[{\"@type\":\"WebPage\",\"@id\":\"https:\/\/tsmo.ca\/en\/about-us\/\",\"url\":\"https:\/\/tsmo.ca\/en\/about-us\/\",\"name\":\"About TSMO - Medical Transportation Company in Ottawa|Gatineau\",\"isPartOf\":{\"@id\":\"https:\/\/tsmo.ca\/#website\"},\"datePublished\":\"2022-04-05T18:54:07+00:00\",\"dateModified\":\"2022-05-03T14:47:44+00:00\",\"description\":\"TSMO offers quality medical transport tailored to its clients specific needs since 1996 in the Outaouais and National capital region.\",\"inLanguage\":\"en-US\",\"potentialAction\":[{\"@type\":\"ReadAction\",\"target\":[\"https:\/\/tsmo.ca\/en\/about-us\/\"]}]},{\"@type\":\"WebSite\",\"@id\":\"https:\/\/tsmo.ca\/#website\",\"url\":\"https:\/\/tsmo.ca\/\",\"name\":\"TSMO\",\"description\":\"Transport sp\u00e9cialis\u00e9 m\u00e9dical de l\u2019Outaouais. Nous effectuons des d\u00e9placements partout en Outaouais, incluant Ottawa et Gatineau. Transport Adapt\u00e9 \u00e0 Gatineau.\",\"potentialAction\":[{\"@type\":\"SearchAction\",\"target\":{\"@type\":\"EntryPoint\",\"urlTemplate\":\"https:\/\/tsmo.ca\/?s={search_term_string}\"},\"query-input\":{\"@type\":\"PropertyValueSpecification\",\"valueRequired\":true,\"valueName\":\"search_term_string\"}}],\"inLanguage\":\"en-US\"}]}<\/script>\n<!-- \/ Yoast SEO plugin. -->","yoast_head_json":{"title":"About TSMO - Medical Transportation Company in Ottawa|Gatineau","description":"TSMO offers quality medical transport tailored to its clients specific needs since 1996 in the Outaouais and National capital region.","robots":{"index":"index","follow":"follow","max-snippet":"max-snippet:-1","max-image-preview":"max-image-preview:large","max-video-preview":"max-video-preview:-1"},"canonical":"https:\/\/tsmo.ca\/en\/about-us\/","og_locale":"en_US","og_type":"article","og_title":"About TSMO - Medical Transportation Company in Ottawa|Gatineau","og_description":"TSMO offers quality medical transport tailored to its clients specific needs since 1996 in the Outaouais and National capital region.","og_url":"https:\/\/tsmo.ca\/en\/about-us\/","og_site_name":"TSMO","article_modified_time":"2022-05-03T14:47:44+00:00","twitter_card":"summary_large_image","schema":{"@context":"https:\/\/schema.org","@graph":[{"@type":"WebPage","@id":"https:\/\/tsmo.ca\/en\/about-us\/","url":"https:\/\/tsmo.ca\/en\/about-us\/","name":"About TSMO - Medical Transportation Company in Ottawa|Gatineau","isPartOf":{"@id":"https:\/\/tsmo.ca\/#website"},"datePublished":"2022-04-05T18:54:07+00:00","dateModified":"2022-05-03T14:47:44+00:00","description":"TSMO offers quality medical transport tailored to its clients specific needs since 1996 in the Outaouais and National capital region.","inLanguage":"en-US","potentialAction":[{"@type":"ReadAction","target":["https:\/\/tsmo.ca\/en\/about-us\/"]}]},{"@type":"WebSite","@id":"https:\/\/tsmo.ca\/#website","url":"https:\/\/tsmo.ca\/","name":"TSMO","description":"Transport sp\u00e9cialis\u00e9 m\u00e9dical de l\u2019Outaouais. Nous effectuons des d\u00e9placements partout en Outaouais, incluant Ottawa et Gatineau. Transport Adapt\u00e9 \u00e0 Gatineau.","potentialAction":[{"@type":"SearchAction","target":{"@type":"EntryPoint","urlTemplate":"https:\/\/tsmo.ca\/?s={search_term_string}"},"query-input":{"@type":"PropertyValueSpecification","valueRequired":true,"valueName":"search_term_string"}}],"inLanguage":"en-US"}]}},"_links":{"self":[{"href":"https:\/\/tsmo.ca\/en\/wp-json\/wp\/v2\/pages\/351","targetHints":{"allow":["GET"]}}],"collection":[{"href":"https:\/\/tsmo.ca\/en\/wp-json\/wp\/v2\/pages"}],"about":[{"href":"https:\/\/tsmo.ca\/en\/wp-json\/wp\/v2\/types\/page"}],"author":[{"embeddable":true,"href":"https:\/\/tsmo.ca\/en\/wp-json\/wp\/v2\/users\/1"}],"replies":[{"embeddable":true,"href":"https:\/\/tsmo.ca\/en\/wp-json\/wp\/v2\/comments?post=351"}],"version-history":[{"count":4,"href":"https:\/\/tsmo.ca\/en\/wp-json\/wp\/v2\/pages\/351\/revisions"}],"predecessor-version":[{"id":464,"href":"https:\/\/tsmo.ca\/en\/wp-json\/wp\/v2\/pages\/351\/revisions\/464"}],"wp:attachment":[{"href":"https:\/\/tsmo.ca\/en\/wp-json\/wp\/v2\/media?parent=351"}],"curies":[{"name":"wp","href":"https:\/\/api.w.org\/{rel}","templated":true}]}}