{"id":356,"date":"2022-04-05T14:53:50","date_gmt":"2022-04-05T18:53:50","guid":{"rendered":"http:\/\/tsmo.ca\/services\/"},"modified":"2022-05-03T10:48:20","modified_gmt":"2022-05-03T14:48:20","slug":"services","status":"publish","type":"page","link":"https:\/\/tsmo.ca\/en\/services\/","title":{"rendered":"Services"},"content":{"rendered":"","protected":false},"excerpt":{"rendered":"","protected":false},"author":1,"featured_media":0,"parent":0,"menu_order":0,"comment_status":"closed","ping_status":"closed","template":"","meta":{"_acf_changed":false,"footnotes":""},"class_list":["post-356","page","type-page","status-publish","hentry","entry"],"acf":[],"yoast_head":"<!-- This site is optimized with the Yoast SEO plugin v24.2 - https:\/\/yoast.com\/wordpress\/plugins\/seo\/ -->\n<title>Adapted Medical Trasportation Services in Gatineau, Ottawa - TSMO<\/title>\n<meta name=\"description\" content=\"We move people all over the Outaouais and Ottawa region but also across Ontario and Quebec as needed. We offer \u00e0 la carte service to meet your needs.\" \/>\n<meta name=\"robots\" content=\"index, follow, max-snippet:-1, max-image-preview:large, max-video-preview:-1\" \/>\n<link rel=\"canonical\" href=\"https:\/\/tsmo.ca\/en\/services\/\" \/>\n<meta property=\"og:locale\" content=\"en_US\" \/>\n<meta property=\"og:type\" content=\"article\" \/>\n<meta property=\"og:title\" content=\"Adapted Medical Trasportation Services in Gatineau, Ottawa - TSMO\" \/>\n<meta property=\"og:description\" content=\"We move people all over the Outaouais and Ottawa region but also across Ontario and Quebec as needed. We offer \u00e0 la carte service to meet your needs.\" \/>\n<meta property=\"og:url\" content=\"https:\/\/tsmo.ca\/en\/services\/\" \/>\n<meta property=\"og:site_name\" content=\"TSMO\" \/>\n<meta property=\"article:modified_time\" content=\"2022-05-03T14:48:20+00:00\" \/>\n<meta name=\"twitter:card\" content=\"summary_large_image\" \/>\n<script type=\"application\/ld+json\" class=\"yoast-schema-graph\">{\"@context\":\"https:\/\/schema.org\",\"@graph\":[{\"@type\":\"WebPage\",\"@id\":\"https:\/\/tsmo.ca\/en\/services\/\",\"url\":\"https:\/\/tsmo.ca\/en\/services\/\",\"name\":\"Adapted Medical Trasportation Services in Gatineau, Ottawa - TSMO\",\"isPartOf\":{\"@id\":\"https:\/\/tsmo.ca\/#website\"},\"datePublished\":\"2022-04-05T18:53:50+00:00\",\"dateModified\":\"2022-05-03T14:48:20+00:00\",\"description\":\"We move people all over the Outaouais and Ottawa region but also across Ontario and Quebec as needed. We offer \u00e0 la carte service to meet your needs.\",\"inLanguage\":\"en-US\",\"potentialAction\":[{\"@type\":\"ReadAction\",\"target\":[\"https:\/\/tsmo.ca\/en\/services\/\"]}]},{\"@type\":\"WebSite\",\"@id\":\"https:\/\/tsmo.ca\/#website\",\"url\":\"https:\/\/tsmo.ca\/\",\"name\":\"TSMO\",\"description\":\"Transport sp\u00e9cialis\u00e9 m\u00e9dical de l\u2019Outaouais. Nous effectuons des d\u00e9placements partout en Outaouais, incluant Ottawa et Gatineau. Transport Adapt\u00e9 \u00e0 Gatineau.\",\"potentialAction\":[{\"@type\":\"SearchAction\",\"target\":{\"@type\":\"EntryPoint\",\"urlTemplate\":\"https:\/\/tsmo.ca\/?s={search_term_string}\"},\"query-input\":{\"@type\":\"PropertyValueSpecification\",\"valueRequired\":true,\"valueName\":\"search_term_string\"}}],\"inLanguage\":\"en-US\"}]}<\/script>\n<!-- \/ Yoast SEO plugin. -->","yoast_head_json":{"title":"Adapted Medical Trasportation Services in Gatineau, Ottawa - TSMO","description":"We move people all over the Outaouais and Ottawa region but also across Ontario and Quebec as needed. We offer \u00e0 la carte service to meet your needs.","robots":{"index":"index","follow":"follow","max-snippet":"max-snippet:-1","max-image-preview":"max-image-preview:large","max-video-preview":"max-video-preview:-1"},"canonical":"https:\/\/tsmo.ca\/en\/services\/","og_locale":"en_US","og_type":"article","og_title":"Adapted Medical Trasportation Services in Gatineau, Ottawa - TSMO","og_description":"We move people all over the Outaouais and Ottawa region but also across Ontario and Quebec as needed. We offer \u00e0 la carte service to meet your needs.","og_url":"https:\/\/tsmo.ca\/en\/services\/","og_site_name":"TSMO","article_modified_time":"2022-05-03T14:48:20+00:00","twitter_card":"summary_large_image","schema":{"@context":"https:\/\/schema.org","@graph":[{"@type":"WebPage","@id":"https:\/\/tsmo.ca\/en\/services\/","url":"https:\/\/tsmo.ca\/en\/services\/","name":"Adapted Medical Trasportation Services in Gatineau, Ottawa - TSMO","isPartOf":{"@id":"https:\/\/tsmo.ca\/#website"},"datePublished":"2022-04-05T18:53:50+00:00","dateModified":"2022-05-03T14:48:20+00:00","description":"We move people all over the Outaouais and Ottawa region but also across Ontario and Quebec as needed. We offer \u00e0 la carte service to meet your needs.","inLanguage":"en-US","potentialAction":[{"@type":"ReadAction","target":["https:\/\/tsmo.ca\/en\/services\/"]}]},{"@type":"WebSite","@id":"https:\/\/tsmo.ca\/#website","url":"https:\/\/tsmo.ca\/","name":"TSMO","description":"Transport sp\u00e9cialis\u00e9 m\u00e9dical de l\u2019Outaouais. Nous effectuons des d\u00e9placements partout en Outaouais, incluant Ottawa et Gatineau. Transport Adapt\u00e9 \u00e0 Gatineau.","potentialAction":[{"@type":"SearchAction","target":{"@type":"EntryPoint","urlTemplate":"https:\/\/tsmo.ca\/?s={search_term_string}"},"query-input":{"@type":"PropertyValueSpecification","valueRequired":true,"valueName":"search_term_string"}}],"inLanguage":"en-US"}]}},"_links":{"self":[{"href":"https:\/\/tsmo.ca\/en\/wp-json\/wp\/v2\/pages\/356","targetHints":{"allow":["GET"]}}],"collection":[{"href":"https:\/\/tsmo.ca\/en\/wp-json\/wp\/v2\/pages"}],"about":[{"href":"https:\/\/tsmo.ca\/en\/wp-json\/wp\/v2\/types\/page"}],"author":[{"embeddable":true,"href":"https:\/\/tsmo.ca\/en\/wp-json\/wp\/v2\/users\/1"}],"replies":[{"embeddable":true,"href":"https:\/\/tsmo.ca\/en\/wp-json\/wp\/v2\/comments?post=356"}],"version-history":[{"count":4,"href":"https:\/\/tsmo.ca\/en\/wp-json\/wp\/v2\/pages\/356\/revisions"}],"predecessor-version":[{"id":479,"href":"https:\/\/tsmo.ca\/en\/wp-json\/wp\/v2\/pages\/356\/revisions\/479"}],"wp:attachment":[{"href":"https:\/\/tsmo.ca\/en\/wp-json\/wp\/v2\/media?parent=356"}],"curies":[{"name":"wp","href":"https:\/\/api.w.org\/{rel}","templated":true}]}}