{"id":361,"date":"2022-04-07T09:16:58","date_gmt":"2022-04-07T13:16:58","guid":{"rendered":"http:\/\/tsmo.ca\/area-of-services\/ottawa\/"},"modified":"2024-07-18T13:41:29","modified_gmt":"2024-07-18T17:41:29","slug":"ottawa","status":"publish","type":"page","link":"https:\/\/tsmo.ca\/en\/area-of-services\/ottawa\/","title":{"rendered":"Ottawa"},"content":{"rendered":"","protected":false},"excerpt":{"rendered":"","protected":false},"author":1,"featured_media":0,"parent":357,"menu_order":0,"comment_status":"closed","ping_status":"closed","template":"","meta":{"_acf_changed":false,"footnotes":""},"class_list":["post-361","page","type-page","status-publish","hentry","entry"],"acf":[],"yoast_head":"<!-- This site is optimized with the Yoast SEO plugin v24.2 - https:\/\/yoast.com\/wordpress\/plugins\/seo\/ -->\n<title>Transportation Services in Ottawa | TSMO<\/title>\n<meta name=\"description\" content=\"Discover TSMO&#039;s transportation services in Ottawa. We offer reliable transport solutions for various needs across the city.\" \/>\n<meta name=\"robots\" content=\"index, follow, max-snippet:-1, max-image-preview:large, max-video-preview:-1\" \/>\n<link rel=\"canonical\" href=\"https:\/\/tsmo.ca\/en\/area-of-services\/ottawa\/\" \/>\n<meta property=\"og:locale\" content=\"en_US\" \/>\n<meta property=\"og:type\" content=\"article\" \/>\n<meta property=\"og:title\" content=\"Transportation Services in Ottawa | TSMO\" \/>\n<meta property=\"og:description\" content=\"Discover TSMO&#039;s transportation services in Ottawa. We offer reliable transport solutions for various needs across the city.\" \/>\n<meta property=\"og:url\" content=\"https:\/\/tsmo.ca\/en\/area-of-services\/ottawa\/\" \/>\n<meta property=\"og:site_name\" content=\"TSMO\" \/>\n<meta property=\"article:modified_time\" content=\"2024-07-18T17:41:29+00:00\" \/>\n<meta name=\"twitter:card\" content=\"summary_large_image\" \/>\n<script type=\"application\/ld+json\" class=\"yoast-schema-graph\">{\"@context\":\"https:\/\/schema.org\",\"@graph\":[{\"@type\":\"WebPage\",\"@id\":\"https:\/\/tsmo.ca\/en\/area-of-services\/ottawa\/\",\"url\":\"https:\/\/tsmo.ca\/en\/area-of-services\/ottawa\/\",\"name\":\"Transportation Services in Ottawa | TSMO\",\"isPartOf\":{\"@id\":\"https:\/\/tsmo.ca\/#website\"},\"datePublished\":\"2022-04-07T13:16:58+00:00\",\"dateModified\":\"2024-07-18T17:41:29+00:00\",\"description\":\"Discover TSMO's transportation services in Ottawa. We offer reliable transport solutions for various needs across the city.\",\"breadcrumb\":{\"@id\":\"https:\/\/tsmo.ca\/en\/area-of-services\/ottawa\/#breadcrumb\"},\"inLanguage\":\"en-US\",\"potentialAction\":[{\"@type\":\"ReadAction\",\"target\":[\"https:\/\/tsmo.ca\/en\/area-of-services\/ottawa\/\"]}]},{\"@type\":\"BreadcrumbList\",\"@id\":\"https:\/\/tsmo.ca\/en\/area-of-services\/ottawa\/#breadcrumb\",\"itemListElement\":[{\"@type\":\"ListItem\",\"position\":1,\"name\":\"Area of Services\",\"item\":\"https:\/\/tsmo.ca\/en\/area-of-services\/\"},{\"@type\":\"ListItem\",\"position\":2,\"name\":\"Ottawa\"}]},{\"@type\":\"WebSite\",\"@id\":\"https:\/\/tsmo.ca\/#website\",\"url\":\"https:\/\/tsmo.ca\/\",\"name\":\"TSMO\",\"description\":\"Transport sp\u00e9cialis\u00e9 m\u00e9dical de l\u2019Outaouais. Nous effectuons des d\u00e9placements partout en Outaouais, incluant Ottawa et Gatineau. Transport Adapt\u00e9 \u00e0 Gatineau.\",\"potentialAction\":[{\"@type\":\"SearchAction\",\"target\":{\"@type\":\"EntryPoint\",\"urlTemplate\":\"https:\/\/tsmo.ca\/?s={search_term_string}\"},\"query-input\":{\"@type\":\"PropertyValueSpecification\",\"valueRequired\":true,\"valueName\":\"search_term_string\"}}],\"inLanguage\":\"en-US\"}]}<\/script>\n<!-- \/ Yoast SEO plugin. -->","yoast_head_json":{"title":"Transportation Services in Ottawa | TSMO","description":"Discover TSMO's transportation services in Ottawa. We offer reliable transport solutions for various needs across the city.","robots":{"index":"index","follow":"follow","max-snippet":"max-snippet:-1","max-image-preview":"max-image-preview:large","max-video-preview":"max-video-preview:-1"},"canonical":"https:\/\/tsmo.ca\/en\/area-of-services\/ottawa\/","og_locale":"en_US","og_type":"article","og_title":"Transportation Services in Ottawa | TSMO","og_description":"Discover TSMO's transportation services in Ottawa. We offer reliable transport solutions for various needs across the city.","og_url":"https:\/\/tsmo.ca\/en\/area-of-services\/ottawa\/","og_site_name":"TSMO","article_modified_time":"2024-07-18T17:41:29+00:00","twitter_card":"summary_large_image","schema":{"@context":"https:\/\/schema.org","@graph":[{"@type":"WebPage","@id":"https:\/\/tsmo.ca\/en\/area-of-services\/ottawa\/","url":"https:\/\/tsmo.ca\/en\/area-of-services\/ottawa\/","name":"Transportation Services in Ottawa | TSMO","isPartOf":{"@id":"https:\/\/tsmo.ca\/#website"},"datePublished":"2022-04-07T13:16:58+00:00","dateModified":"2024-07-18T17:41:29+00:00","description":"Discover TSMO's transportation services in Ottawa. We offer reliable transport solutions for various needs across the city.","breadcrumb":{"@id":"https:\/\/tsmo.ca\/en\/area-of-services\/ottawa\/#breadcrumb"},"inLanguage":"en-US","potentialAction":[{"@type":"ReadAction","target":["https:\/\/tsmo.ca\/en\/area-of-services\/ottawa\/"]}]},{"@type":"BreadcrumbList","@id":"https:\/\/tsmo.ca\/en\/area-of-services\/ottawa\/#breadcrumb","itemListElement":[{"@type":"ListItem","position":1,"name":"Area of Services","item":"https:\/\/tsmo.ca\/en\/area-of-services\/"},{"@type":"ListItem","position":2,"name":"Ottawa"}]},{"@type":"WebSite","@id":"https:\/\/tsmo.ca\/#website","url":"https:\/\/tsmo.ca\/","name":"TSMO","description":"Transport sp\u00e9cialis\u00e9 m\u00e9dical de l\u2019Outaouais. Nous effectuons des d\u00e9placements partout en Outaouais, incluant Ottawa et Gatineau. Transport Adapt\u00e9 \u00e0 Gatineau.","potentialAction":[{"@type":"SearchAction","target":{"@type":"EntryPoint","urlTemplate":"https:\/\/tsmo.ca\/?s={search_term_string}"},"query-input":{"@type":"PropertyValueSpecification","valueRequired":true,"valueName":"search_term_string"}}],"inLanguage":"en-US"}]}},"_links":{"self":[{"href":"https:\/\/tsmo.ca\/en\/wp-json\/wp\/v2\/pages\/361","targetHints":{"allow":["GET"]}}],"collection":[{"href":"https:\/\/tsmo.ca\/en\/wp-json\/wp\/v2\/pages"}],"about":[{"href":"https:\/\/tsmo.ca\/en\/wp-json\/wp\/v2\/types\/page"}],"author":[{"embeddable":true,"href":"https:\/\/tsmo.ca\/en\/wp-json\/wp\/v2\/users\/1"}],"replies":[{"embeddable":true,"href":"https:\/\/tsmo.ca\/en\/wp-json\/wp\/v2\/comments?post=361"}],"version-history":[{"count":1,"href":"https:\/\/tsmo.ca\/en\/wp-json\/wp\/v2\/pages\/361\/revisions"}],"predecessor-version":[{"id":393,"href":"https:\/\/tsmo.ca\/en\/wp-json\/wp\/v2\/pages\/361\/revisions\/393"}],"up":[{"embeddable":true,"href":"https:\/\/tsmo.ca\/en\/wp-json\/wp\/v2\/pages\/357"}],"wp:attachment":[{"href":"https:\/\/tsmo.ca\/en\/wp-json\/wp\/v2\/media?parent=361"}],"curies":[{"name":"wp","href":"https:\/\/api.w.org\/{rel}","templated":true}]}}