{"id":370,"date":"2022-04-07T09:14:08","date_gmt":"2022-04-07T13:14:08","guid":{"rendered":"http:\/\/tsmo.ca\/services\/assurances\/"},"modified":"2023-04-24T11:02:16","modified_gmt":"2023-04-24T15:02:16","slug":"insurance-claims","status":"publish","type":"page","link":"https:\/\/tsmo.ca\/en\/services\/insurance-claims\/","title":{"rendered":"Insurance claims"},"content":{"rendered":"","protected":false},"excerpt":{"rendered":"","protected":false},"author":1,"featured_media":0,"parent":356,"menu_order":0,"comment_status":"closed","ping_status":"closed","template":"","meta":{"_acf_changed":false,"footnotes":""},"class_list":["post-370","page","type-page","status-publish","hentry","entry"],"acf":[],"yoast_head":"<!-- This site is optimized with the Yoast SEO plugin v24.2 - https:\/\/yoast.com\/wordpress\/plugins\/seo\/ -->\n<title>Insurance claims - TSMO<\/title>\n<meta name=\"description\" content=\"TSMO is a private company. TSMO provides detailed receipts in order to simplify the reimbursement process.\" \/>\n<meta name=\"robots\" content=\"index, follow, max-snippet:-1, max-image-preview:large, max-video-preview:-1\" \/>\n<link rel=\"canonical\" href=\"https:\/\/tsmo.ca\/en\/services\/insurance-claims\/\" \/>\n<meta property=\"og:locale\" content=\"en_US\" \/>\n<meta property=\"og:type\" content=\"article\" \/>\n<meta property=\"og:title\" content=\"Insurance claims - TSMO\" \/>\n<meta property=\"og:description\" content=\"TSMO is a private company. TSMO provides detailed receipts in order to simplify the reimbursement process.\" \/>\n<meta property=\"og:url\" content=\"https:\/\/tsmo.ca\/en\/services\/insurance-claims\/\" \/>\n<meta property=\"og:site_name\" content=\"TSMO\" \/>\n<meta property=\"article:modified_time\" content=\"2023-04-24T15:02:16+00:00\" \/>\n<meta name=\"twitter:card\" content=\"summary_large_image\" \/>\n<script type=\"application\/ld+json\" class=\"yoast-schema-graph\">{\"@context\":\"https:\/\/schema.org\",\"@graph\":[{\"@type\":\"WebPage\",\"@id\":\"https:\/\/tsmo.ca\/en\/services\/insurance-claims\/\",\"url\":\"https:\/\/tsmo.ca\/en\/services\/insurance-claims\/\",\"name\":\"Insurance claims - TSMO\",\"isPartOf\":{\"@id\":\"https:\/\/tsmo.ca\/#website\"},\"datePublished\":\"2022-04-07T13:14:08+00:00\",\"dateModified\":\"2023-04-24T15:02:16+00:00\",\"description\":\"TSMO is a private company. TSMO provides detailed receipts in order to simplify the reimbursement process.\",\"breadcrumb\":{\"@id\":\"https:\/\/tsmo.ca\/en\/services\/insurance-claims\/#breadcrumb\"},\"inLanguage\":\"en-US\",\"potentialAction\":[{\"@type\":\"ReadAction\",\"target\":[\"https:\/\/tsmo.ca\/en\/services\/insurance-claims\/\"]}]},{\"@type\":\"BreadcrumbList\",\"@id\":\"https:\/\/tsmo.ca\/en\/services\/insurance-claims\/#breadcrumb\",\"itemListElement\":[{\"@type\":\"ListItem\",\"position\":1,\"name\":\"Services\",\"item\":\"https:\/\/tsmo.ca\/en\/services\/\"},{\"@type\":\"ListItem\",\"position\":2,\"name\":\"Insurance claims\"}]},{\"@type\":\"WebSite\",\"@id\":\"https:\/\/tsmo.ca\/#website\",\"url\":\"https:\/\/tsmo.ca\/\",\"name\":\"TSMO\",\"description\":\"Transport sp\u00e9cialis\u00e9 m\u00e9dical de l\u2019Outaouais. Nous effectuons des d\u00e9placements partout en Outaouais, incluant Ottawa et Gatineau. Transport Adapt\u00e9 \u00e0 Gatineau.\",\"potentialAction\":[{\"@type\":\"SearchAction\",\"target\":{\"@type\":\"EntryPoint\",\"urlTemplate\":\"https:\/\/tsmo.ca\/?s={search_term_string}\"},\"query-input\":{\"@type\":\"PropertyValueSpecification\",\"valueRequired\":true,\"valueName\":\"search_term_string\"}}],\"inLanguage\":\"en-US\"}]}<\/script>\n<!-- \/ Yoast SEO plugin. -->","yoast_head_json":{"title":"Insurance claims - TSMO","description":"TSMO is a private company. TSMO provides detailed receipts in order to simplify the reimbursement process.","robots":{"index":"index","follow":"follow","max-snippet":"max-snippet:-1","max-image-preview":"max-image-preview:large","max-video-preview":"max-video-preview:-1"},"canonical":"https:\/\/tsmo.ca\/en\/services\/insurance-claims\/","og_locale":"en_US","og_type":"article","og_title":"Insurance claims - TSMO","og_description":"TSMO is a private company. TSMO provides detailed receipts in order to simplify the reimbursement process.","og_url":"https:\/\/tsmo.ca\/en\/services\/insurance-claims\/","og_site_name":"TSMO","article_modified_time":"2023-04-24T15:02:16+00:00","twitter_card":"summary_large_image","schema":{"@context":"https:\/\/schema.org","@graph":[{"@type":"WebPage","@id":"https:\/\/tsmo.ca\/en\/services\/insurance-claims\/","url":"https:\/\/tsmo.ca\/en\/services\/insurance-claims\/","name":"Insurance claims - TSMO","isPartOf":{"@id":"https:\/\/tsmo.ca\/#website"},"datePublished":"2022-04-07T13:14:08+00:00","dateModified":"2023-04-24T15:02:16+00:00","description":"TSMO is a private company. TSMO provides detailed receipts in order to simplify the reimbursement process.","breadcrumb":{"@id":"https:\/\/tsmo.ca\/en\/services\/insurance-claims\/#breadcrumb"},"inLanguage":"en-US","potentialAction":[{"@type":"ReadAction","target":["https:\/\/tsmo.ca\/en\/services\/insurance-claims\/"]}]},{"@type":"BreadcrumbList","@id":"https:\/\/tsmo.ca\/en\/services\/insurance-claims\/#breadcrumb","itemListElement":[{"@type":"ListItem","position":1,"name":"Services","item":"https:\/\/tsmo.ca\/en\/services\/"},{"@type":"ListItem","position":2,"name":"Insurance claims"}]},{"@type":"WebSite","@id":"https:\/\/tsmo.ca\/#website","url":"https:\/\/tsmo.ca\/","name":"TSMO","description":"Transport sp\u00e9cialis\u00e9 m\u00e9dical de l\u2019Outaouais. Nous effectuons des d\u00e9placements partout en Outaouais, incluant Ottawa et Gatineau. Transport Adapt\u00e9 \u00e0 Gatineau.","potentialAction":[{"@type":"SearchAction","target":{"@type":"EntryPoint","urlTemplate":"https:\/\/tsmo.ca\/?s={search_term_string}"},"query-input":{"@type":"PropertyValueSpecification","valueRequired":true,"valueName":"search_term_string"}}],"inLanguage":"en-US"}]}},"_links":{"self":[{"href":"https:\/\/tsmo.ca\/en\/wp-json\/wp\/v2\/pages\/370","targetHints":{"allow":["GET"]}}],"collection":[{"href":"https:\/\/tsmo.ca\/en\/wp-json\/wp\/v2\/pages"}],"about":[{"href":"https:\/\/tsmo.ca\/en\/wp-json\/wp\/v2\/types\/page"}],"author":[{"embeddable":true,"href":"https:\/\/tsmo.ca\/en\/wp-json\/wp\/v2\/users\/1"}],"replies":[{"embeddable":true,"href":"https:\/\/tsmo.ca\/en\/wp-json\/wp\/v2\/comments?post=370"}],"version-history":[{"count":2,"href":"https:\/\/tsmo.ca\/en\/wp-json\/wp\/v2\/pages\/370\/revisions"}],"predecessor-version":[{"id":407,"href":"https:\/\/tsmo.ca\/en\/wp-json\/wp\/v2\/pages\/370\/revisions\/407"}],"up":[{"embeddable":true,"href":"https:\/\/tsmo.ca\/en\/wp-json\/wp\/v2\/pages\/356"}],"wp:attachment":[{"href":"https:\/\/tsmo.ca\/en\/wp-json\/wp\/v2\/media?parent=370"}],"curies":[{"name":"wp","href":"https:\/\/api.w.org\/{rel}","templated":true}]}}