{"id":372,"date":"2022-04-07T09:26:33","date_gmt":"2022-04-07T13:26:33","guid":{"rendered":"http:\/\/tsmo.ca\/services\/transport-non-urgent\/"},"modified":"2024-03-11T10:11:13","modified_gmt":"2024-03-11T14:11:13","slug":"non-urgent-transportation","status":"publish","type":"page","link":"https:\/\/tsmo.ca\/en\/services\/non-urgent-transportation\/","title":{"rendered":"Non-urgent transportation"},"content":{"rendered":"","protected":false},"excerpt":{"rendered":"","protected":false},"author":1,"featured_media":0,"parent":356,"menu_order":0,"comment_status":"closed","ping_status":"closed","template":"","meta":{"_acf_changed":false,"footnotes":""},"class_list":["post-372","page","type-page","status-publish","hentry","entry"],"acf":[],"yoast_head":"<!-- This site is optimized with the Yoast SEO plugin v24.2 - https:\/\/yoast.com\/wordpress\/plugins\/seo\/ -->\n<title>Non-urgent Transportation in Ottawa &amp; Gatineau - TSMO<\/title>\n<meta name=\"description\" content=\"TSMO provides non-urgent medical transportation for patients in the Gatineau and Ottawa areas. Call us today to request your non-urgent transportation.\" \/>\n<meta name=\"robots\" content=\"index, follow, max-snippet:-1, max-image-preview:large, max-video-preview:-1\" \/>\n<link rel=\"canonical\" href=\"https:\/\/tsmo.ca\/en\/services\/non-urgent-transportation\/\" \/>\n<meta property=\"og:locale\" content=\"en_US\" \/>\n<meta property=\"og:type\" content=\"article\" \/>\n<meta property=\"og:title\" content=\"Non-urgent Transportation in Ottawa &amp; Gatineau - TSMO\" \/>\n<meta property=\"og:description\" content=\"TSMO provides non-urgent medical transportation for patients in the Gatineau and Ottawa areas. Call us today to request your non-urgent transportation.\" \/>\n<meta property=\"og:url\" content=\"https:\/\/tsmo.ca\/en\/services\/non-urgent-transportation\/\" \/>\n<meta property=\"og:site_name\" content=\"TSMO\" \/>\n<meta property=\"article:modified_time\" content=\"2024-03-11T14:11:13+00:00\" \/>\n<meta name=\"twitter:card\" content=\"summary_large_image\" \/>\n<script type=\"application\/ld+json\" class=\"yoast-schema-graph\">{\"@context\":\"https:\/\/schema.org\",\"@graph\":[{\"@type\":\"WebPage\",\"@id\":\"https:\/\/tsmo.ca\/en\/services\/non-urgent-transportation\/\",\"url\":\"https:\/\/tsmo.ca\/en\/services\/non-urgent-transportation\/\",\"name\":\"Non-urgent Transportation in Ottawa & Gatineau - TSMO\",\"isPartOf\":{\"@id\":\"https:\/\/tsmo.ca\/#website\"},\"datePublished\":\"2022-04-07T13:26:33+00:00\",\"dateModified\":\"2024-03-11T14:11:13+00:00\",\"description\":\"TSMO provides non-urgent medical transportation for patients in the Gatineau and Ottawa areas. Call us today to request your non-urgent transportation.\",\"breadcrumb\":{\"@id\":\"https:\/\/tsmo.ca\/en\/services\/non-urgent-transportation\/#breadcrumb\"},\"inLanguage\":\"en-US\",\"potentialAction\":[{\"@type\":\"ReadAction\",\"target\":[\"https:\/\/tsmo.ca\/en\/services\/non-urgent-transportation\/\"]}]},{\"@type\":\"BreadcrumbList\",\"@id\":\"https:\/\/tsmo.ca\/en\/services\/non-urgent-transportation\/#breadcrumb\",\"itemListElement\":[{\"@type\":\"ListItem\",\"position\":1,\"name\":\"Services\",\"item\":\"https:\/\/tsmo.ca\/en\/services\/\"},{\"@type\":\"ListItem\",\"position\":2,\"name\":\"Non-urgent transportation\"}]},{\"@type\":\"WebSite\",\"@id\":\"https:\/\/tsmo.ca\/#website\",\"url\":\"https:\/\/tsmo.ca\/\",\"name\":\"TSMO\",\"description\":\"Transport sp\u00e9cialis\u00e9 m\u00e9dical de l\u2019Outaouais. Nous effectuons des d\u00e9placements partout en Outaouais, incluant Ottawa et Gatineau. Transport Adapt\u00e9 \u00e0 Gatineau.\",\"potentialAction\":[{\"@type\":\"SearchAction\",\"target\":{\"@type\":\"EntryPoint\",\"urlTemplate\":\"https:\/\/tsmo.ca\/?s={search_term_string}\"},\"query-input\":{\"@type\":\"PropertyValueSpecification\",\"valueRequired\":true,\"valueName\":\"search_term_string\"}}],\"inLanguage\":\"en-US\"}]}<\/script>\n<!-- \/ Yoast SEO plugin. -->","yoast_head_json":{"title":"Non-urgent Transportation in Ottawa & Gatineau - TSMO","description":"TSMO provides non-urgent medical transportation for patients in the Gatineau and Ottawa areas. Call us today to request your non-urgent transportation.","robots":{"index":"index","follow":"follow","max-snippet":"max-snippet:-1","max-image-preview":"max-image-preview:large","max-video-preview":"max-video-preview:-1"},"canonical":"https:\/\/tsmo.ca\/en\/services\/non-urgent-transportation\/","og_locale":"en_US","og_type":"article","og_title":"Non-urgent Transportation in Ottawa & Gatineau - TSMO","og_description":"TSMO provides non-urgent medical transportation for patients in the Gatineau and Ottawa areas. Call us today to request your non-urgent transportation.","og_url":"https:\/\/tsmo.ca\/en\/services\/non-urgent-transportation\/","og_site_name":"TSMO","article_modified_time":"2024-03-11T14:11:13+00:00","twitter_card":"summary_large_image","schema":{"@context":"https:\/\/schema.org","@graph":[{"@type":"WebPage","@id":"https:\/\/tsmo.ca\/en\/services\/non-urgent-transportation\/","url":"https:\/\/tsmo.ca\/en\/services\/non-urgent-transportation\/","name":"Non-urgent Transportation in Ottawa & Gatineau - TSMO","isPartOf":{"@id":"https:\/\/tsmo.ca\/#website"},"datePublished":"2022-04-07T13:26:33+00:00","dateModified":"2024-03-11T14:11:13+00:00","description":"TSMO provides non-urgent medical transportation for patients in the Gatineau and Ottawa areas. Call us today to request your non-urgent transportation.","breadcrumb":{"@id":"https:\/\/tsmo.ca\/en\/services\/non-urgent-transportation\/#breadcrumb"},"inLanguage":"en-US","potentialAction":[{"@type":"ReadAction","target":["https:\/\/tsmo.ca\/en\/services\/non-urgent-transportation\/"]}]},{"@type":"BreadcrumbList","@id":"https:\/\/tsmo.ca\/en\/services\/non-urgent-transportation\/#breadcrumb","itemListElement":[{"@type":"ListItem","position":1,"name":"Services","item":"https:\/\/tsmo.ca\/en\/services\/"},{"@type":"ListItem","position":2,"name":"Non-urgent transportation"}]},{"@type":"WebSite","@id":"https:\/\/tsmo.ca\/#website","url":"https:\/\/tsmo.ca\/","name":"TSMO","description":"Transport sp\u00e9cialis\u00e9 m\u00e9dical de l\u2019Outaouais. Nous effectuons des d\u00e9placements partout en Outaouais, incluant Ottawa et Gatineau. Transport Adapt\u00e9 \u00e0 Gatineau.","potentialAction":[{"@type":"SearchAction","target":{"@type":"EntryPoint","urlTemplate":"https:\/\/tsmo.ca\/?s={search_term_string}"},"query-input":{"@type":"PropertyValueSpecification","valueRequired":true,"valueName":"search_term_string"}}],"inLanguage":"en-US"}]}},"_links":{"self":[{"href":"https:\/\/tsmo.ca\/en\/wp-json\/wp\/v2\/pages\/372","targetHints":{"allow":["GET"]}}],"collection":[{"href":"https:\/\/tsmo.ca\/en\/wp-json\/wp\/v2\/pages"}],"about":[{"href":"https:\/\/tsmo.ca\/en\/wp-json\/wp\/v2\/types\/page"}],"author":[{"embeddable":true,"href":"https:\/\/tsmo.ca\/en\/wp-json\/wp\/v2\/users\/1"}],"replies":[{"embeddable":true,"href":"https:\/\/tsmo.ca\/en\/wp-json\/wp\/v2\/comments?post=372"}],"version-history":[{"count":4,"href":"https:\/\/tsmo.ca\/en\/wp-json\/wp\/v2\/pages\/372\/revisions"}],"predecessor-version":[{"id":740,"href":"https:\/\/tsmo.ca\/en\/wp-json\/wp\/v2\/pages\/372\/revisions\/740"}],"up":[{"embeddable":true,"href":"https:\/\/tsmo.ca\/en\/wp-json\/wp\/v2\/pages\/356"}],"wp:attachment":[{"href":"https:\/\/tsmo.ca\/en\/wp-json\/wp\/v2\/media?parent=372"}],"curies":[{"name":"wp","href":"https:\/\/api.w.org\/{rel}","templated":true}]}}